{"id":633,"date":"2024-07-10T18:28:50","date_gmt":"2024-07-10T16:28:50","guid":{"rendered":"https:\/\/talsannat.com\/?page_id=633"},"modified":"2025-04-15T14:44:39","modified_gmt":"2025-04-15T12:44:39","slug":"dandy-show","status":"publish","type":"page","link":"https:\/\/talsannat.com\/index.php\/dandy-show\/","title":{"rendered":"Celt&#8216; and Dac Sinuh\u00e9 &#8211; Show results"},"content":{"rendered":"\n<div class=\"wp-block-columns is-layout-flex wp-container-core-columns-layout-1 wp-block-columns-is-layout-flex\">\n<div class=\"wp-block-column is-layout-flow wp-block-column-is-layout-flow\">\n<p>&#8222;Dandy&#8220;<br>Stud Male, Import France, DOB: 7.4.2021<br>(<a href=\"https:\/\/pharaohhound.breedarchive.com\/animal\/view\/celt-and-dac-sinuhe-f9905cc8-cac3-458b-85d7-691a0ec5a2d1\">Breed Archive<\/a>)<br>sire: Happy History Achilles<br>dam: Billymac Aphrodite<br>Bred by: Christelle Arz<\/p>\n<\/div>\n\n\n\n<div class=\"wp-block-column is-layout-flow wp-block-column-is-layout-flow\">\n<p>Health:<br>Teeth: Scisors bite, full dented<br>Eyes: All CLEAR &#8211; 03\/2025<\/p>\n<\/div>\n<\/div>\n\n\n\n<p>InterChampion C.I.B, Polish Champion, Czech Champion, Champion CMKU, Club Champion, Czech Club show cup Winner 2023, CZ National Winner &#8217;23<br>BIG 5th, Crufts Qualification for 2024<br>10x BOB (CZ, PL) include BOB &#8211; Champion of Champons &#8217;23 (PL), 2x BOS (PL, CZ)<br>6x CACIB (PL, CZ), 6x CWC, 6x CZ CAC, 2x SK CAC, 4x res.CACIB (CZ, SK), res.CAC (CZ special show &#8217;23) 2x JBOB (CZ, PL)<\/p>\n\n\n<div class=\"wp-block-image\">\n<figure class=\"aligncenter size-full\"><img loading=\"lazy\" decoding=\"async\" width=\"800\" height=\"533\" src=\"https:\/\/talsannat.com\/wp-content\/uploads\/2024\/03\/dandy.jpg\" alt=\"\" class=\"wp-image-301\" srcset=\"https:\/\/talsannat.com\/wp-content\/uploads\/2024\/03\/dandy.jpg 800w, https:\/\/talsannat.com\/wp-content\/uploads\/2024\/03\/dandy-300x200.jpg 300w, https:\/\/talsannat.com\/wp-content\/uploads\/2024\/03\/dandy-768x512.jpg 768w\" sizes=\"(max-width: 800px) 100vw, 800px\" \/><\/figure><\/div>\n\n\n<figure class=\"wp-block-table is-style-stripes\"><table><thead><tr><th class=\"has-text-align-left\" data-align=\"left\">date<\/th><th class=\"has-text-align-left\" data-align=\"left\">show<\/th><th class=\"has-text-align-center\" data-align=\"center\"><\/th><th class=\"has-text-align-center\" data-align=\"center\">judge<\/th><th class=\"has-text-align-center\" data-align=\"center\">class<\/th><th class=\"has-text-align-right\" data-align=\"right\">result<\/th><\/tr><\/thead><tbody><tr><td class=\"has-text-align-left\" data-align=\"left\">01.09.2024<\/td><td class=\"has-text-align-left\" data-align=\"left\">IDS Floracanis<\/td><td class=\"has-text-align-center\" data-align=\"center\">CZ<\/td><td class=\"has-text-align-center\" data-align=\"center\">Petra M\u00e1rov\u00e1 (CZ)<\/td><td class=\"has-text-align-center\" data-align=\"center\">champion<\/td><td class=\"has-text-align-right\" data-align=\"right\">CAC, CAC CMKU, CACIB, <strong>BOB<\/strong><br><strong>Czech Champion<\/strong>, <strong>CMKU Champion<\/strong><\/td><\/tr><tr><td class=\"has-text-align-left\" data-align=\"left\">2024<\/td><td class=\"has-text-align-left\" data-align=\"left\">KFP<\/td><td class=\"has-text-align-center\" data-align=\"center\">CZ<\/td><td class=\"has-text-align-center\" data-align=\"center\"><\/td><td class=\"has-text-align-center\" data-align=\"center\"><\/td><td class=\"has-text-align-right\" data-align=\"right\"><strong>Club Champion<\/strong><br>PH males \/ <strong>Club Show Cup Winner 2023<\/strong> 1st<\/td><\/tr><tr><td class=\"has-text-align-left\" data-align=\"left\">27.10.2023<\/td><td class=\"has-text-align-left\" data-align=\"left\">IDS Bratislava<\/td><td class=\"has-text-align-center\" data-align=\"center\">SK<\/td><td class=\"has-text-align-center\" data-align=\"center\">Vondrou\u0161 Otakar (CZ)<\/td><td class=\"has-text-align-center\" data-align=\"center\"><\/td><td class=\"has-text-align-right\" data-align=\"right\">CAC, res.CACIB =&gt; CACIB<br><strong>InterChampion C.I.B.<\/strong><\/td><\/tr><tr><td class=\"has-text-align-left\" data-align=\"left\">21.10.2023<\/td><td class=\"has-text-align-left\" data-align=\"left\">Ch of Ch, Bytom<\/td><td class=\"has-text-align-center\" data-align=\"center\">PL<\/td><td class=\"has-text-align-center\" data-align=\"center\">Leszek Salamon (PL)<\/td><td class=\"has-text-align-center\" data-align=\"center\"><\/td><td class=\"has-text-align-right\" data-align=\"right\">CWC, BD, <strong>BOB<\/strong><\/td><\/tr><tr><td class=\"has-text-align-left\" data-align=\"left\">10.09.2023<\/td><td class=\"has-text-align-left\" data-align=\"left\">IDS Floracanis<\/td><td class=\"has-text-align-center\" data-align=\"center\">CZ<\/td><td class=\"has-text-align-center\" data-align=\"center\">\u017deljko Lozi\u0107 (Serbia)<\/td><td class=\"has-text-align-center\" data-align=\"center\"><\/td><td class=\"has-text-align-right\" data-align=\"right\">CAC, CAC CMKU, CACIB, <strong>BOB<\/strong><\/td><\/tr><tr><td class=\"has-text-align-left\" data-align=\"left\">22.07.2023<\/td><td class=\"has-text-align-left\" data-align=\"left\">IDS Czestochowa<\/td><td class=\"has-text-align-center\" data-align=\"center\">PL<\/td><td class=\"has-text-align-center\" data-align=\"center\">Katarzyna Szutkiewicz (PL)<\/td><td class=\"has-text-align-center\" data-align=\"center\"><\/td><td class=\"has-text-align-right\" data-align=\"right\">CWC, BM, CACIB, <strong>BOB<\/strong><\/td><\/tr><tr><td class=\"has-text-align-left\" data-align=\"left\">02.07.2023<\/td><td class=\"has-text-align-left\" data-align=\"left\">IDS Wisla<\/td><td class=\"has-text-align-center\" data-align=\"center\">PL<\/td><td class=\"has-text-align-center\" data-align=\"center\">Ing. Radovan Lys\u00e1k (CZ)<\/td><td class=\"has-text-align-center\" data-align=\"center\"><\/td><td class=\"has-text-align-right\" data-align=\"right\">CWC, BM, CACIB, <strong>BOB<\/strong><\/td><\/tr><tr><td class=\"has-text-align-left\" data-align=\"left\">25.06.2023<\/td><td class=\"has-text-align-left\" data-align=\"left\">IDS Brno<\/td><td class=\"has-text-align-center\" data-align=\"center\">CZ<\/td><td class=\"has-text-align-center\" data-align=\"center\">Jaroslav Maty\u00e1\u0161 (SK)<\/td><td class=\"has-text-align-center\" data-align=\"center\"><\/td><td class=\"has-text-align-right\" data-align=\"right\">CAC, res.CACIB<\/td><\/tr><tr><td class=\"has-text-align-left\" data-align=\"left\">11.06.2023<\/td><td class=\"has-text-align-left\" data-align=\"left\"><a href=\"https:\/\/old.faraonklub.cz\/2023\/kv23-faraon.jpg\" target=\"_blank\" rel=\"noreferrer noopener\">Club Show KFP<\/a><\/td><td class=\"has-text-align-center\" data-align=\"center\">CZ<\/td><td class=\"has-text-align-center\" data-align=\"center\">Bo\u017eena Ovesn\u00e1 (CZ)<\/td><td class=\"has-text-align-center\" data-align=\"center\"><\/td><td class=\"has-text-align-right\" data-align=\"right\">Excellent 3<\/td><\/tr><tr><td class=\"has-text-align-left\" data-align=\"left\">10.06.2023<\/td><td class=\"has-text-align-left\" data-align=\"left\"><a href=\"https:\/\/old.faraonklub.cz\/2023\/sv23-faraon.jpg\" target=\"_blank\" rel=\"noreferrer noopener\">Special Show KFP<\/a><\/td><td class=\"has-text-align-center\" data-align=\"center\">CZ<\/td><td class=\"has-text-align-center\" data-align=\"center\">Bertrand Piau (FR)<\/td><td class=\"has-text-align-center\" data-align=\"center\"><\/td><td class=\"has-text-align-right\" data-align=\"right\">res.CAC<\/td><\/tr><tr><td class=\"has-text-align-left\" data-align=\"left\">16.04.2023<\/td><td class=\"has-text-align-left\" data-align=\"left\">NDS Zakrzow<\/td><td class=\"has-text-align-center\" data-align=\"center\">PL<\/td><td class=\"has-text-align-center\" data-align=\"center\">Grzegorz Wolski (PL)<\/td><td class=\"has-text-align-center\" data-align=\"center\"><\/td><td class=\"has-text-align-right\" data-align=\"right\">CWC, BM, <strong>BOB<\/strong><br><strong>Polish Champion<\/strong><\/td><\/tr><tr><td class=\"has-text-align-left\" data-align=\"left\">09.04.2023<\/td><td class=\"has-text-align-left\" data-align=\"left\">NDS \u0160pilberka, Brno<\/td><td class=\"has-text-align-center\" data-align=\"center\">CZ<\/td><td class=\"has-text-align-center\" data-align=\"center\">Van\u00ed\u010dkov\u00e1 Kristina (CZ)<\/td><td class=\"has-text-align-center\" data-align=\"center\"><\/td><td class=\"has-text-align-right\" data-align=\"right\">CAC, <strong>Nat.W<\/strong>, CAC CMKU, <strong>BOB<\/strong><\/td><\/tr><tr><td class=\"has-text-align-left\" data-align=\"left\">17.02.2023<\/td><td class=\"has-text-align-left\" data-align=\"left\">IDS Nitra<\/td><td class=\"has-text-align-center\" data-align=\"center\">SK<\/td><td class=\"has-text-align-center\" data-align=\"center\">Hars\u00e1nyi P\u00e9ter (HU)<\/td><td class=\"has-text-align-center\" data-align=\"center\"><\/td><td class=\"has-text-align-right\" data-align=\"right\">CAC, res.CACIB<\/td><\/tr><tr><td class=\"has-text-align-left\" data-align=\"left\">29.01.2023<\/td><td class=\"has-text-align-left\" data-align=\"left\">IDS Brno<\/td><td class=\"has-text-align-center\" data-align=\"center\">CZ<\/td><td class=\"has-text-align-center\" data-align=\"center\">Katarzyna Szutkiewicz (PL)<\/td><td class=\"has-text-align-center\" data-align=\"center\"><\/td><td class=\"has-text-align-right\" data-align=\"right\">CAC, res.CACIB<\/td><\/tr><tr><td class=\"has-text-align-left\" data-align=\"left\">28.01.2023<\/td><td class=\"has-text-align-left\" data-align=\"left\">IDS Brno<\/td><td class=\"has-text-align-center\" data-align=\"center\">CZ<\/td><td class=\"has-text-align-center\" data-align=\"center\">Ing. Leo\u0161 Jan\u010d\u00edk (CZ)<\/td><td class=\"has-text-align-center\" data-align=\"center\"><\/td><td class=\"has-text-align-right\" data-align=\"right\">CAC, CAC CMKU, CACIB, <strong>BOS<\/strong><\/td><\/tr><tr><td class=\"has-text-align-left\" data-align=\"left\">09.10.2022<\/td><td class=\"has-text-align-left\" data-align=\"left\">NDS Gliwice<\/td><td class=\"has-text-align-center\" data-align=\"center\">PL<\/td><td class=\"has-text-align-center\" data-align=\"center\">Ryszard Waclawik (PL)<\/td><td class=\"has-text-align-center\" data-align=\"center\"><\/td><td class=\"has-text-align-right\" data-align=\"right\">CWC, BM, <strong>BOB<\/strong><\/td><\/tr><tr><td class=\"has-text-align-left\" data-align=\"left\">31.07.2022<\/td><td class=\"has-text-align-left\" data-align=\"left\">IDS Opole<\/td><td class=\"has-text-align-center\" data-align=\"center\">PL<\/td><td class=\"has-text-align-center\" data-align=\"center\">Van\u00ed\u010dkov\u00e1 Kristina (CZ)<\/td><td class=\"has-text-align-center\" data-align=\"center\"><\/td><td class=\"has-text-align-right\" data-align=\"right\">CWC, BM, CACIB, <strong>BOS<\/strong><\/td><\/tr><tr><td class=\"has-text-align-left\" data-align=\"left\">26.06.2022<\/td><td class=\"has-text-align-left\" data-align=\"left\">IDS Brno<\/td><td class=\"has-text-align-center\" data-align=\"center\">CZ<\/td><td class=\"has-text-align-center\" data-align=\"center\">Monika Kuriata-Okarmus (PL)<\/td><td class=\"has-text-align-center\" data-align=\"center\"><\/td><td class=\"has-text-align-right\" data-align=\"right\">CAJC, <strong>BOJ<\/strong>, <strong>BOB<\/strong><\/td><\/tr><tr><td class=\"has-text-align-left\" data-align=\"left\">09.04.2022<\/td><td class=\"has-text-align-left\" data-align=\"left\">NDS Branice<\/td><td class=\"has-text-align-center\" data-align=\"center\">PL<\/td><td class=\"has-text-align-center\" data-align=\"center\">Katarzyna Fiszdon (PL)<\/td><td class=\"has-text-align-center\" data-align=\"center\"><\/td><td class=\"has-text-align-right\" data-align=\"right\">JW (CAJC), <strong>BOJ<\/strong>, <strong>BOB<\/strong><\/td><\/tr><\/tbody><\/table><\/figure>\n","protected":false},"excerpt":{"rendered":"<p>&#8222;Dandy&#8220;Stud Male, Import France, DOB: 7.4.2021(Breed Archive)sire: Happy History Achillesdam: Billymac AphroditeBred by: Christelle Arz Health:Teeth: Scisors bite, full dentedEyes: All CLEAR &#8211; 03\/2025 InterChampion C.I.B, Polish Champion, Czech Champion, &#8230;<\/p>\n","protected":false},"author":1,"featured_media":0,"parent":0,"menu_order":0,"comment_status":"closed","ping_status":"closed","template":"template-fullwidth.php","meta":{"footnotes":""},"_links":{"self":[{"href":"https:\/\/talsannat.com\/index.php\/wp-json\/wp\/v2\/pages\/633"}],"collection":[{"href":"https:\/\/talsannat.com\/index.php\/wp-json\/wp\/v2\/pages"}],"about":[{"href":"https:\/\/talsannat.com\/index.php\/wp-json\/wp\/v2\/types\/page"}],"author":[{"embeddable":true,"href":"https:\/\/talsannat.com\/index.php\/wp-json\/wp\/v2\/users\/1"}],"replies":[{"embeddable":true,"href":"https:\/\/talsannat.com\/index.php\/wp-json\/wp\/v2\/comments?post=633"}],"version-history":[{"count":35,"href":"https:\/\/talsannat.com\/index.php\/wp-json\/wp\/v2\/pages\/633\/revisions"}],"predecessor-version":[{"id":1528,"href":"https:\/\/talsannat.com\/index.php\/wp-json\/wp\/v2\/pages\/633\/revisions\/1528"}],"wp:attachment":[{"href":"https:\/\/talsannat.com\/index.php\/wp-json\/wp\/v2\/media?parent=633"}],"curies":[{"name":"wp","href":"https:\/\/api.w.org\/{rel}","templated":true}]}}