{"id":621,"date":"2024-07-10T11:12:51","date_gmt":"2024-07-10T09:12:51","guid":{"rendered":"https:\/\/talsannat.com\/?page_id=621"},"modified":"2024-09-06T17:37:22","modified_gmt":"2024-09-06T15:37:22","slug":"zecharia-princess-shuri-show-results","status":"publish","type":"page","link":"https:\/\/talsannat.com\/index.php\/zecharia-princess-shuri-show-results\/","title":{"rendered":"Zecharia Princess Shuri &#8211; show results"},"content":{"rendered":"\n<div class=\"wp-block-columns is-layout-flex wp-container-core-columns-layout-1 wp-block-columns-is-layout-flex\">\n<div class=\"wp-block-column is-layout-flow wp-block-column-is-layout-flow\">\n<p>&#8222;Shuri&#8220;<br>Female, DOB: 12.08.2023 (<a href=\"https:\/\/pharaohhound.breedarchive.com\/animal\/view\/zecharia-princess-shuri-258b123b-1cfe-41d8-a7d8-611e8e047ccb\" target=\"_blank\" rel=\"noreferrer noopener\">Breed<\/a> <a href=\"https:\/\/pharaohhound.breedarchive.com\/animal\/view\/zecharia-princess-shuri-258b123b-1cfe-41d8-a7d8-611e8e047ccb\" target=\"_blank\" rel=\"noreferrer noopener\">Archive<\/a>)<br>sire: Echo of Thunder Whispering Sand<br>dam: Litlar&#8217;s Niju Zhizn V Udovolstvie<br>Bred by: S. Nichols, UK<\/p>\n<\/div>\n\n\n\n<div class=\"wp-block-column is-layout-flow wp-block-column-is-layout-flow\">\n<p>Health:<br>Teeth: Scisors bite, full dented<\/p>\n<\/div>\n<\/div>\n\n\n\n<p><strong>PL Junior Champion<\/strong><br>3x BOB, 3x JunBOB, 1x Jun-CACIB (PL), 3x CAJC (PL), 1x CZ CAJC, 3x BB<\/p>\n\n\n\n<figure class=\"wp-block-gallery has-nested-images columns-default is-cropped wp-block-gallery-1 is-layout-flex wp-block-gallery-is-layout-flex\">\n<figure data-wp-context=\"{ &quot;core&quot;:\n\t\t\t\t{ &quot;image&quot;:\n\t\t\t\t\t{   &quot;imageLoaded&quot;: false,\n\t\t\t\t\t\t&quot;initialized&quot;: false,\n\t\t\t\t\t\t&quot;lightboxEnabled&quot;: false,\n\t\t\t\t\t\t&quot;hideAnimationEnabled&quot;: false,\n\t\t\t\t\t\t&quot;preloadInitialized&quot;: false,\n\t\t\t\t\t\t&quot;lightboxAnimation&quot;: &quot;zoom&quot;,\n\t\t\t\t\t\t&quot;imageUploadedSrc&quot;: &quot;https:\/\/talsannat.com\/wp-content\/uploads\/2024\/07\/shuri-wisla24.jpg&quot;,\n\t\t\t\t\t\t&quot;imageCurrentSrc&quot;: &quot;&quot;,\n\t\t\t\t\t\t&quot;targetWidth&quot;: &quot;1160&quot;,\n\t\t\t\t\t\t&quot;targetHeight&quot;: &quot;722&quot;,\n\t\t\t\t\t\t&quot;scaleAttr&quot;: &quot;&quot;,\n\t\t\t\t\t\t&quot;dialogLabel&quot;: &quot;Zv\u011bt\u0161en\u00fd obr\u00e1zek&quot;\n\t\t\t\t\t}\n\t\t\t\t}\n\t\t\t}\" data-wp-interactive class=\"wp-block-image size-large wp-lightbox-container\"><img loading=\"lazy\" decoding=\"async\" width=\"1024\" height=\"637\" data-wp-effect--setStylesOnResize=\"effects.core.image.setStylesOnResize\" data-wp-effect=\"effects.core.image.setButtonStyles\" data-wp-init=\"effects.core.image.initOriginImage\" data-wp-on--click=\"actions.core.image.showLightbox\" data-wp-on--load=\"actions.core.image.handleLoad\" data-id=\"598\" src=\"https:\/\/talsannat.com\/wp-content\/uploads\/2024\/07\/shuri-wisla24-1024x637.jpg\" alt=\"\" class=\"wp-image-598\" srcset=\"https:\/\/talsannat.com\/wp-content\/uploads\/2024\/07\/shuri-wisla24-1024x637.jpg 1024w, https:\/\/talsannat.com\/wp-content\/uploads\/2024\/07\/shuri-wisla24-300x187.jpg 300w, https:\/\/talsannat.com\/wp-content\/uploads\/2024\/07\/shuri-wisla24-768x478.jpg 768w, https:\/\/talsannat.com\/wp-content\/uploads\/2024\/07\/shuri-wisla24-480x300.jpg 480w, https:\/\/talsannat.com\/wp-content\/uploads\/2024\/07\/shuri-wisla24.jpg 1160w\" sizes=\"(max-width: 1024px) 100vw, 1024px\" \/><button\n\t\t\tclass=\"lightbox-trigger\"\n\t\t\ttype=\"button\"\n\t\t\taria-haspopup=\"dialog\"\n\t\t\taria-label=\"Zv\u011bt\u0161it obr\u00e1zek\"\n\t\t\tdata-wp-on--click=\"actions.core.image.showLightbox\"\n\t\t\tdata-wp-style--right=\"context.core.image.imageButtonRight\"\n\t\t\tdata-wp-style--top=\"context.core.image.imageButtonTop\"\n\t\t>\n\t\t\t<svg xmlns=\"http:\/\/www.w3.org\/2000\/svg\" width=\"12\" height=\"12\" fill=\"none\" viewBox=\"0 0 12 12\">\n\t\t\t\t<path fill=\"#fff\" d=\"M2 0a2 2 0 0 0-2 2v2h1.5V2a.5.5 0 0 1 .5-.5h2V0H2Zm2 10.5H2a.5.5 0 0 1-.5-.5V8H0v2a2 2 0 0 0 2 2h2v-1.5ZM8 12v-1.5h2a.5.5 0 0 0 .5-.5V8H12v2a2 2 0 0 1-2 2H8Zm2-12a2 2 0 0 1 2 2v2h-1.5V2a.5.5 0 0 0-.5-.5H8V0h2Z\" \/>\n\t\t\t<\/svg>\n\t\t<\/button><figcaption class=\"wp-element-caption\">11 months old<\/figcaption>        <div data-wp-body=\"\" class=\"wp-lightbox-overlay zoom\"\n            data-wp-bind--role=\"selectors.core.image.roleAttribute\"\n            data-wp-bind--aria-label=\"selectors.core.image.dialogLabel\"\n            data-wp-class--initialized=\"context.core.image.initialized\"\n            data-wp-class--active=\"context.core.image.lightboxEnabled\"\n            data-wp-class--hideAnimationEnabled=\"context.core.image.hideAnimationEnabled\"\n            data-wp-bind--aria-modal=\"selectors.core.image.ariaModal\"\n            data-wp-effect=\"effects.core.image.initLightbox\"\n            data-wp-on--keydown=\"actions.core.image.handleKeydown\"\n            data-wp-on--touchstart=\"actions.core.image.handleTouchStart\"\n            data-wp-on--touchmove=\"actions.core.image.handleTouchMove\"\n            data-wp-on--touchend=\"actions.core.image.handleTouchEnd\"\n            data-wp-on--click=\"actions.core.image.hideLightbox\"\n            tabindex=\"-1\"\n            >\n                <button type=\"button\" aria-label=\"Zav\u0159\u00edt\" style=\"fill: #000\" class=\"close-button\" data-wp-on--click=\"actions.core.image.hideLightbox\">\n                    <svg xmlns=\"http:\/\/www.w3.org\/2000\/svg\" viewBox=\"0 0 24 24\" width=\"20\" height=\"20\" aria-hidden=\"true\" focusable=\"false\"><path d=\"M13 11.8l6.1-6.3-1-1-6.1 6.2-6.1-6.2-1 1 6.1 6.3-6.5 6.7 1 1 6.5-6.6 6.5 6.6 1-1z\"><\/path><\/svg>\n                <\/button>\n                <div class=\"lightbox-image-container\">\n<figure class=\"wp-block-image size-large responsive-image\"><img decoding=\"async\" data-wp-bind--src=\"context.core.image.imageCurrentSrc\" data-wp-style--object-fit=\"selectors.core.image.lightboxObjectFit\" data-id=\"598\" src=\"\" alt=\"\" class=\"wp-image-598\"\/><figcaption class=\"wp-element-caption\">11 months old<\/figcaption><\/figure>\n<\/div>\n                <div class=\"lightbox-image-container\">\n<figure class=\"wp-block-image size-large enlarged-image\"><img decoding=\"async\" data-wp-bind--src=\"selectors.core.image.enlargedImgSrc\" data-wp-style--object-fit=\"selectors.core.image.lightboxObjectFit\" data-id=\"598\" src=\"\" alt=\"\" class=\"wp-image-598\"\/><figcaption class=\"wp-element-caption\">11 months old<\/figcaption><\/figure>\n<\/div>\n                <div class=\"scrim\" style=\"background-color: #fff\" aria-hidden=\"true\"><\/div>\n        <\/div><\/figure>\n\n\n\n<figure data-wp-context=\"{ &quot;core&quot;:\n\t\t\t\t{ &quot;image&quot;:\n\t\t\t\t\t{   &quot;imageLoaded&quot;: false,\n\t\t\t\t\t\t&quot;initialized&quot;: false,\n\t\t\t\t\t\t&quot;lightboxEnabled&quot;: false,\n\t\t\t\t\t\t&quot;hideAnimationEnabled&quot;: false,\n\t\t\t\t\t\t&quot;preloadInitialized&quot;: false,\n\t\t\t\t\t\t&quot;lightboxAnimation&quot;: &quot;zoom&quot;,\n\t\t\t\t\t\t&quot;imageUploadedSrc&quot;: &quot;https:\/\/talsannat.com\/wp-content\/uploads\/2024\/05\/image-2.png&quot;,\n\t\t\t\t\t\t&quot;imageCurrentSrc&quot;: &quot;&quot;,\n\t\t\t\t\t\t&quot;targetWidth&quot;: &quot;1650&quot;,\n\t\t\t\t\t\t&quot;targetHeight&quot;: &quot;954&quot;,\n\t\t\t\t\t\t&quot;scaleAttr&quot;: &quot;&quot;,\n\t\t\t\t\t\t&quot;dialogLabel&quot;: &quot;Zv\u011bt\u0161en\u00fd obr\u00e1zek&quot;\n\t\t\t\t\t}\n\t\t\t\t}\n\t\t\t}\" data-wp-interactive class=\"wp-block-image size-large wp-lightbox-container\"><img loading=\"lazy\" decoding=\"async\" width=\"1024\" height=\"592\" data-wp-effect--setStylesOnResize=\"effects.core.image.setStylesOnResize\" data-wp-effect=\"effects.core.image.setButtonStyles\" data-wp-init=\"effects.core.image.initOriginImage\" data-wp-on--click=\"actions.core.image.showLightbox\" data-wp-on--load=\"actions.core.image.handleLoad\" data-id=\"579\" src=\"https:\/\/talsannat.com\/wp-content\/uploads\/2024\/05\/image-2-1024x592.png\" alt=\"\" class=\"wp-image-579\" srcset=\"https:\/\/talsannat.com\/wp-content\/uploads\/2024\/05\/image-2-1024x592.png 1024w, https:\/\/talsannat.com\/wp-content\/uploads\/2024\/05\/image-2-300x173.png 300w, https:\/\/talsannat.com\/wp-content\/uploads\/2024\/05\/image-2-768x444.png 768w, https:\/\/talsannat.com\/wp-content\/uploads\/2024\/05\/image-2-1536x888.png 1536w, https:\/\/talsannat.com\/wp-content\/uploads\/2024\/05\/image-2.png 1650w\" sizes=\"(max-width: 1024px) 100vw, 1024px\" \/><button\n\t\t\tclass=\"lightbox-trigger\"\n\t\t\ttype=\"button\"\n\t\t\taria-haspopup=\"dialog\"\n\t\t\taria-label=\"Zv\u011bt\u0161it obr\u00e1zek\"\n\t\t\tdata-wp-on--click=\"actions.core.image.showLightbox\"\n\t\t\tdata-wp-style--right=\"context.core.image.imageButtonRight\"\n\t\t\tdata-wp-style--top=\"context.core.image.imageButtonTop\"\n\t\t>\n\t\t\t<svg xmlns=\"http:\/\/www.w3.org\/2000\/svg\" width=\"12\" height=\"12\" fill=\"none\" viewBox=\"0 0 12 12\">\n\t\t\t\t<path fill=\"#fff\" d=\"M2 0a2 2 0 0 0-2 2v2h1.5V2a.5.5 0 0 1 .5-.5h2V0H2Zm2 10.5H2a.5.5 0 0 1-.5-.5V8H0v2a2 2 0 0 0 2 2h2v-1.5ZM8 12v-1.5h2a.5.5 0 0 0 .5-.5V8H12v2a2 2 0 0 1-2 2H8Zm2-12a2 2 0 0 1 2 2v2h-1.5V2a.5.5 0 0 0-.5-.5H8V0h2Z\" \/>\n\t\t\t<\/svg>\n\t\t<\/button><figcaption class=\"wp-element-caption\">9 months old<\/figcaption>        <div data-wp-body=\"\" class=\"wp-lightbox-overlay zoom\"\n            data-wp-bind--role=\"selectors.core.image.roleAttribute\"\n            data-wp-bind--aria-label=\"selectors.core.image.dialogLabel\"\n            data-wp-class--initialized=\"context.core.image.initialized\"\n            data-wp-class--active=\"context.core.image.lightboxEnabled\"\n            data-wp-class--hideAnimationEnabled=\"context.core.image.hideAnimationEnabled\"\n            data-wp-bind--aria-modal=\"selectors.core.image.ariaModal\"\n            data-wp-effect=\"effects.core.image.initLightbox\"\n            data-wp-on--keydown=\"actions.core.image.handleKeydown\"\n            data-wp-on--touchstart=\"actions.core.image.handleTouchStart\"\n            data-wp-on--touchmove=\"actions.core.image.handleTouchMove\"\n            data-wp-on--touchend=\"actions.core.image.handleTouchEnd\"\n            data-wp-on--click=\"actions.core.image.hideLightbox\"\n            tabindex=\"-1\"\n            >\n                <button type=\"button\" aria-label=\"Zav\u0159\u00edt\" style=\"fill: #000\" class=\"close-button\" data-wp-on--click=\"actions.core.image.hideLightbox\">\n                    <svg xmlns=\"http:\/\/www.w3.org\/2000\/svg\" viewBox=\"0 0 24 24\" width=\"20\" height=\"20\" aria-hidden=\"true\" focusable=\"false\"><path d=\"M13 11.8l6.1-6.3-1-1-6.1 6.2-6.1-6.2-1 1 6.1 6.3-6.5 6.7 1 1 6.5-6.6 6.5 6.6 1-1z\"><\/path><\/svg>\n                <\/button>\n                <div class=\"lightbox-image-container\">\n<figure class=\"wp-block-image size-large responsive-image\"><img decoding=\"async\" data-wp-bind--src=\"context.core.image.imageCurrentSrc\" data-wp-style--object-fit=\"selectors.core.image.lightboxObjectFit\" data-id=\"579\" src=\"\" alt=\"\" class=\"wp-image-579\"\/><figcaption class=\"wp-element-caption\">9 months old<\/figcaption><\/figure>\n<\/div>\n                <div class=\"lightbox-image-container\">\n<figure class=\"wp-block-image size-large enlarged-image\"><img decoding=\"async\" data-wp-bind--src=\"selectors.core.image.enlargedImgSrc\" data-wp-style--object-fit=\"selectors.core.image.lightboxObjectFit\" data-id=\"579\" src=\"\" alt=\"\" class=\"wp-image-579\"\/><figcaption class=\"wp-element-caption\">9 months old<\/figcaption><\/figure>\n<\/div>\n                <div class=\"scrim\" style=\"background-color: #fff\" aria-hidden=\"true\"><\/div>\n        <\/div><\/figure>\n<\/figure>\n\n\n\n<div style=\"height:30px\" aria-hidden=\"true\" class=\"wp-block-spacer\"><\/div>\n\n\n\n<figure class=\"wp-block-table\"><table><tbody><tr><td>Date<\/td><td>Show<\/td><td class=\"has-text-align-center\" data-align=\"center\">Judge<\/td><td class=\"has-text-align-center\" data-align=\"center\">M\/F<\/td><td class=\"has-text-align-right\" data-align=\"right\">Result<\/td><\/tr><tr><td>01.09.2024<\/td><td>IDS, Floracanis \/ CZ<\/td><td class=\"has-text-align-center\" data-align=\"center\">Petra M\u00e1rov\u00e1 (CZ)<\/td><td class=\"has-text-align-center\" data-align=\"center\">1\/2<\/td><td class=\"has-text-align-right\" data-align=\"right\">CAJC<\/td><\/tr><tr><td>06.07.2024<\/td><td><a href=\"https:\/\/talsannat.com\/index.php\/2024\/07\/10\/nds-ids-wisla-05-06-07-2024\/\">IDS, Wisla \/ PL<\/a><\/td><td class=\"has-text-align-center\" data-align=\"center\">Hanna Wo\u017ana-Gil (PL)<\/td><td class=\"has-text-align-center\" data-align=\"center\"><a href=\"https:\/\/talsannat.com\/wp-content\/uploads\/2024\/07\/20240607-ids-wisla.jpg\" target=\"_blank\" rel=\"noreferrer noopener\">1\/1<\/a><\/td><td class=\"has-text-align-right\" data-align=\"right\"><strong>BOB<\/strong>, BB, JBOB, JCACIB, JW (CAJC) \/ <strong>PL JCH<\/strong><\/td><\/tr><tr><td>05.07.2024<\/td><td><a href=\"https:\/\/talsannat.com\/index.php\/2024\/07\/10\/nds-ids-wisla-05-06-07-2024\/\">NDS, Wisla \/ PL<\/a><\/td><td class=\"has-text-align-center\" data-align=\"center\">Izabela Nowak (PL)<\/td><td class=\"has-text-align-center\" data-align=\"center\">0\/1<\/td><td class=\"has-text-align-right\" data-align=\"right\"><strong>BOB<\/strong>, BB, JBOB, JW (CAJC)<\/td><\/tr><tr><td>19.05.2024<\/td><td>NDS Gniazd\u00f3w \/ PL<\/td><td class=\"has-text-align-center\" data-align=\"center\">Mariola Agata Semik (PL)<\/td><td class=\"has-text-align-center\" data-align=\"center\"><a href=\"https:\/\/talsannat.com\/wp-content\/uploads\/2024\/07\/20241905-nds-gniazdow.jpg\" data-type=\"link\" data-id=\"https:\/\/talsannat.com\/wp-content\/uploads\/2024\/07\/20241905-nds-gniazdow.jpg\" target=\"_blank\" rel=\"noreferrer noopener\">1\/1<\/a><\/td><td class=\"has-text-align-right\" data-align=\"right\">Resigned (did not accept judge touching)<\/td><\/tr><tr><td>18.05.2024<\/td><td><a href=\"https:\/\/talsannat.com\/index.php\/2024\/05\/19\/national-gniazdow-o-bedzin-18-05-2024\/\">NDS Gniazd\u00f3w \/ PL<\/a><\/td><td class=\"has-text-align-center\" data-align=\"center\">Grzegorz Wolski (PL)<\/td><td class=\"has-text-align-center\" data-align=\"center\">0\/1<\/td><td class=\"has-text-align-right\" data-align=\"right\"><strong>BOB<\/strong>, BB, JBOB, JW (CAJC)<\/td><\/tr><\/tbody><\/table><\/figure>\n\n\n\n<figure data-wp-context=\"{ &quot;core&quot;:\n\t\t\t\t{ &quot;image&quot;:\n\t\t\t\t\t{   &quot;imageLoaded&quot;: false,\n\t\t\t\t\t\t&quot;initialized&quot;: false,\n\t\t\t\t\t\t&quot;lightboxEnabled&quot;: false,\n\t\t\t\t\t\t&quot;hideAnimationEnabled&quot;: false,\n\t\t\t\t\t\t&quot;preloadInitialized&quot;: false,\n\t\t\t\t\t\t&quot;lightboxAnimation&quot;: &quot;zoom&quot;,\n\t\t\t\t\t\t&quot;imageUploadedSrc&quot;: &quot;https:\/\/talsannat.com\/wp-content\/uploads\/2024\/03\/shuri.jpg&quot;,\n\t\t\t\t\t\t&quot;imageCurrentSrc&quot;: &quot;&quot;,\n\t\t\t\t\t\t&quot;targetWidth&quot;: &quot;1458&quot;,\n\t\t\t\t\t\t&quot;targetHeight&quot;: &quot;880&quot;,\n\t\t\t\t\t\t&quot;scaleAttr&quot;: &quot;&quot;,\n\t\t\t\t\t\t&quot;dialogLabel&quot;: &quot;Zv\u011bt\u0161en\u00fd obr\u00e1zek&quot;\n\t\t\t\t\t}\n\t\t\t\t}\n\t\t\t}\" data-wp-interactive class=\"wp-block-image size-large wp-lightbox-container\"><img loading=\"lazy\" decoding=\"async\" width=\"1024\" height=\"618\" data-wp-effect--setStylesOnResize=\"effects.core.image.setStylesOnResize\" data-wp-effect=\"effects.core.image.setButtonStyles\" data-wp-init=\"effects.core.image.initOriginImage\" data-wp-on--click=\"actions.core.image.showLightbox\" data-wp-on--load=\"actions.core.image.handleLoad\" src=\"https:\/\/talsannat.com\/wp-content\/uploads\/2024\/03\/shuri-1024x618.jpg\" alt=\"\" class=\"wp-image-192\" srcset=\"https:\/\/talsannat.com\/wp-content\/uploads\/2024\/03\/shuri-1024x618.jpg 1024w, https:\/\/talsannat.com\/wp-content\/uploads\/2024\/03\/shuri-300x181.jpg 300w, https:\/\/talsannat.com\/wp-content\/uploads\/2024\/03\/shuri-768x464.jpg 768w, https:\/\/talsannat.com\/wp-content\/uploads\/2024\/03\/shuri.jpg 1458w\" sizes=\"(max-width: 1024px) 100vw, 1024px\" \/><button\n\t\t\tclass=\"lightbox-trigger\"\n\t\t\ttype=\"button\"\n\t\t\taria-haspopup=\"dialog\"\n\t\t\taria-label=\"Zv\u011bt\u0161it obr\u00e1zek\"\n\t\t\tdata-wp-on--click=\"actions.core.image.showLightbox\"\n\t\t\tdata-wp-style--right=\"context.core.image.imageButtonRight\"\n\t\t\tdata-wp-style--top=\"context.core.image.imageButtonTop\"\n\t\t>\n\t\t\t<svg xmlns=\"http:\/\/www.w3.org\/2000\/svg\" width=\"12\" height=\"12\" fill=\"none\" viewBox=\"0 0 12 12\">\n\t\t\t\t<path fill=\"#fff\" d=\"M2 0a2 2 0 0 0-2 2v2h1.5V2a.5.5 0 0 1 .5-.5h2V0H2Zm2 10.5H2a.5.5 0 0 1-.5-.5V8H0v2a2 2 0 0 0 2 2h2v-1.5ZM8 12v-1.5h2a.5.5 0 0 0 .5-.5V8H12v2a2 2 0 0 1-2 2H8Zm2-12a2 2 0 0 1 2 2v2h-1.5V2a.5.5 0 0 0-.5-.5H8V0h2Z\" \/>\n\t\t\t<\/svg>\n\t\t<\/button><figcaption class=\"wp-element-caption\">6 months old<\/figcaption>        <div data-wp-body=\"\" class=\"wp-lightbox-overlay zoom\"\n            data-wp-bind--role=\"selectors.core.image.roleAttribute\"\n            data-wp-bind--aria-label=\"selectors.core.image.dialogLabel\"\n            data-wp-class--initialized=\"context.core.image.initialized\"\n            data-wp-class--active=\"context.core.image.lightboxEnabled\"\n            data-wp-class--hideAnimationEnabled=\"context.core.image.hideAnimationEnabled\"\n            data-wp-bind--aria-modal=\"selectors.core.image.ariaModal\"\n            data-wp-effect=\"effects.core.image.initLightbox\"\n            data-wp-on--keydown=\"actions.core.image.handleKeydown\"\n            data-wp-on--touchstart=\"actions.core.image.handleTouchStart\"\n            data-wp-on--touchmove=\"actions.core.image.handleTouchMove\"\n            data-wp-on--touchend=\"actions.core.image.handleTouchEnd\"\n            data-wp-on--click=\"actions.core.image.hideLightbox\"\n            tabindex=\"-1\"\n            >\n                <button type=\"button\" aria-label=\"Zav\u0159\u00edt\" style=\"fill: #000\" class=\"close-button\" data-wp-on--click=\"actions.core.image.hideLightbox\">\n                    <svg xmlns=\"http:\/\/www.w3.org\/2000\/svg\" viewBox=\"0 0 24 24\" width=\"20\" height=\"20\" aria-hidden=\"true\" focusable=\"false\"><path d=\"M13 11.8l6.1-6.3-1-1-6.1 6.2-6.1-6.2-1 1 6.1 6.3-6.5 6.7 1 1 6.5-6.6 6.5 6.6 1-1z\"><\/path><\/svg>\n                <\/button>\n                <div class=\"lightbox-image-container\">\n<figure class=\"wp-block-image size-large responsive-image\"><img decoding=\"async\" data-wp-bind--src=\"context.core.image.imageCurrentSrc\" data-wp-style--object-fit=\"selectors.core.image.lightboxObjectFit\" src=\"\" alt=\"\" class=\"wp-image-192\"\/><figcaption class=\"wp-element-caption\">6 months old<\/figcaption><\/figure>\n<\/div>\n                <div class=\"lightbox-image-container\">\n<figure class=\"wp-block-image size-large enlarged-image\"><img decoding=\"async\" data-wp-bind--src=\"selectors.core.image.enlargedImgSrc\" data-wp-style--object-fit=\"selectors.core.image.lightboxObjectFit\" src=\"\" alt=\"\" class=\"wp-image-192\"\/><figcaption class=\"wp-element-caption\">6 months old<\/figcaption><\/figure>\n<\/div>\n                <div class=\"scrim\" style=\"background-color: #fff\" aria-hidden=\"true\"><\/div>\n        <\/div><\/figure>\n","protected":false},"excerpt":{"rendered":"<p>&#8222;Shuri&#8220;Female, DOB: 12.08.2023 (Breed Archive)sire: Echo of Thunder Whispering Sanddam: Litlar&#8217;s Niju Zhizn V UdovolstvieBred by: S. Nichols, UK Health:Teeth: Scisors bite, full dented PL Junior Champion3x BOB, 3x JunBOB, &#8230;<\/p>\n","protected":false},"author":1,"featured_media":0,"parent":0,"menu_order":0,"comment_status":"closed","ping_status":"closed","template":"","meta":{"footnotes":""},"_links":{"self":[{"href":"https:\/\/talsannat.com\/index.php\/wp-json\/wp\/v2\/pages\/621"}],"collection":[{"href":"https:\/\/talsannat.com\/index.php\/wp-json\/wp\/v2\/pages"}],"about":[{"href":"https:\/\/talsannat.com\/index.php\/wp-json\/wp\/v2\/types\/page"}],"author":[{"embeddable":true,"href":"https:\/\/talsannat.com\/index.php\/wp-json\/wp\/v2\/users\/1"}],"replies":[{"embeddable":true,"href":"https:\/\/talsannat.com\/index.php\/wp-json\/wp\/v2\/comments?post=621"}],"version-history":[{"count":13,"href":"https:\/\/talsannat.com\/index.php\/wp-json\/wp\/v2\/pages\/621\/revisions"}],"predecessor-version":[{"id":1108,"href":"https:\/\/talsannat.com\/index.php\/wp-json\/wp\/v2\/pages\/621\/revisions\/1108"}],"wp:attachment":[{"href":"https:\/\/talsannat.com\/index.php\/wp-json\/wp\/v2\/media?parent=621"}],"curies":[{"name":"wp","href":"https:\/\/api.w.org\/{rel}","templated":true}]}}