{"id":207,"date":"2024-03-05T18:58:22","date_gmt":"2024-03-05T17:58:22","guid":{"rendered":"https:\/\/test.talsannat.com\/?page_id=207"},"modified":"2024-03-05T19:56:12","modified_gmt":"2024-03-05T18:56:12","slug":"novinky-2022-2021","status":"publish","type":"page","link":"https:\/\/talsannat.com\/index.php\/novinky-2022-2021\/","title":{"rendered":"Novinky 2022 \/ 2021"},"content":{"rendered":"\n<p>&#8211; Regional show Str\u00e1nsk\u00e9 u R\u00fdma\u0159ova, 9.7.2022<br>breed and BIS pair judge: Mrs. Lenka Frn\u010dov\u00e1 (CZ)<br>BIS judge: Mr&nbsp; Tibor Havelka. Big thank you to both judges !<br>&#8211;&nbsp;BIS BOO, KV for&nbsp;Lucas&nbsp;(SBIS, C.I.B., Ch Farao Anubis Aldebaran)<br>&#8211; KV for&nbsp;Effie&nbsp;(Effie Tal Sannat Whispering Sand).<br>&#8211;&nbsp;BIS pair&nbsp;for them together \ud83d\ude42 !<\/p>\n\n\n\n<figure class=\"wp-block-gallery has-nested-images columns-default is-cropped wp-block-gallery-1 is-layout-flex wp-block-gallery-is-layout-flex\">\n<figure class=\"wp-block-image size-large\"><a href=\"https:\/\/talsannat.com\/wp-content\/uploads\/2024\/03\/effie-str.jpg\" target=\"_blank\" rel=\"noreferrer noopener\"><img loading=\"lazy\" decoding=\"async\" width=\"1024\" height=\"621\" data-id=\"213\" src=\"https:\/\/talsannat.com\/wp-content\/uploads\/2024\/03\/effie-str-1024x621.jpg\" alt=\"\" class=\"wp-image-213\" srcset=\"https:\/\/talsannat.com\/wp-content\/uploads\/2024\/03\/effie-str-1024x621.jpg 1024w, https:\/\/talsannat.com\/wp-content\/uploads\/2024\/03\/effie-str-300x182.jpg 300w, https:\/\/talsannat.com\/wp-content\/uploads\/2024\/03\/effie-str-768x466.jpg 768w, https:\/\/talsannat.com\/wp-content\/uploads\/2024\/03\/effie-str-1536x932.jpg 1536w, https:\/\/talsannat.com\/wp-content\/uploads\/2024\/03\/effie-str.jpg 2048w\" sizes=\"(max-width: 1024px) 100vw, 1024px\" \/><\/a><\/figure>\n\n\n\n<figure class=\"wp-block-image size-large\"><a href=\"https:\/\/talsannat.com\/wp-content\/uploads\/2024\/03\/lucas-str2.jpg\" target=\"_blank\" rel=\"noreferrer noopener\"><img loading=\"lazy\" decoding=\"async\" width=\"825\" height=\"1024\" data-id=\"211\" src=\"https:\/\/talsannat.com\/wp-content\/uploads\/2024\/03\/lucas-str2-825x1024.jpg\" alt=\"\" class=\"wp-image-211\" srcset=\"https:\/\/talsannat.com\/wp-content\/uploads\/2024\/03\/lucas-str2-825x1024.jpg 825w, https:\/\/talsannat.com\/wp-content\/uploads\/2024\/03\/lucas-str2-242x300.jpg 242w, https:\/\/talsannat.com\/wp-content\/uploads\/2024\/03\/lucas-str2-768x953.jpg 768w, https:\/\/talsannat.com\/wp-content\/uploads\/2024\/03\/lucas-str2-1237x1536.jpg 1237w, https:\/\/talsannat.com\/wp-content\/uploads\/2024\/03\/lucas-str2.jpg 1252w\" sizes=\"(max-width: 825px) 100vw, 825px\" \/><\/a><\/figure>\n\n\n\n<figure class=\"wp-block-image size-large\"><a href=\"https:\/\/talsannat.com\/wp-content\/uploads\/2024\/03\/lucas-str.jpg\" target=\"_blank\" rel=\"noreferrer noopener\"><img loading=\"lazy\" decoding=\"async\" width=\"1024\" height=\"654\" data-id=\"214\" src=\"https:\/\/talsannat.com\/wp-content\/uploads\/2024\/03\/lucas-str-1024x654.jpg\" alt=\"\" class=\"wp-image-214\" srcset=\"https:\/\/talsannat.com\/wp-content\/uploads\/2024\/03\/lucas-str-1024x654.jpg 1024w, https:\/\/talsannat.com\/wp-content\/uploads\/2024\/03\/lucas-str-300x192.jpg 300w, https:\/\/talsannat.com\/wp-content\/uploads\/2024\/03\/lucas-str-768x491.jpg 768w, https:\/\/talsannat.com\/wp-content\/uploads\/2024\/03\/lucas-str-1536x981.jpg 1536w, https:\/\/talsannat.com\/wp-content\/uploads\/2024\/03\/lucas-str.jpg 2048w\" sizes=\"(max-width: 1024px) 100vw, 1024px\" \/><\/a><\/figure>\n\n\n\n<figure class=\"wp-block-image size-large\"><a href=\"https:\/\/talsannat.com\/wp-content\/uploads\/2024\/03\/lucas-effie-str.jpg\" target=\"_blank\" rel=\"noreferrer noopener\"><img loading=\"lazy\" decoding=\"async\" width=\"1024\" height=\"683\" data-id=\"212\" src=\"https:\/\/talsannat.com\/wp-content\/uploads\/2024\/03\/lucas-effie-str-1024x683.jpg\" alt=\"\" class=\"wp-image-212\" srcset=\"https:\/\/talsannat.com\/wp-content\/uploads\/2024\/03\/lucas-effie-str-1024x683.jpg 1024w, https:\/\/talsannat.com\/wp-content\/uploads\/2024\/03\/lucas-effie-str-300x200.jpg 300w, https:\/\/talsannat.com\/wp-content\/uploads\/2024\/03\/lucas-effie-str-768x512.jpg 768w, https:\/\/talsannat.com\/wp-content\/uploads\/2024\/03\/lucas-effie-str-1536x1024.jpg 1536w, https:\/\/talsannat.com\/wp-content\/uploads\/2024\/03\/lucas-effie-str.jpg 2048w\" sizes=\"(max-width: 1024px) 100vw, 1024px\" \/><\/a><\/figure>\n<\/figure>\n\n\n\n<div style=\"height:27px\" aria-hidden=\"true\" class=\"wp-block-spacer\"><\/div>\n\n\n\n<hr class=\"wp-block-separator has-alpha-channel-opacity is-style-wide\"\/>\n\n\n\n<p>&#8211; IDS Wisla, PL &#8211; 1.-3.7.2022<br>breed and group judge: Mrs Gizela Makarewicz (PL)<br>&#8211;\u00a0BOB, CACIB, CWC for our\u00a0Effie\u00a0(Effie Tal Sannat Whispering Sand).<br>Proud of our baby \ud83d\ude42 !<\/p>\n\n\n\n<figure class=\"wp-block-image size-large\"><a href=\"https:\/\/talsannat.com\/wp-content\/uploads\/2024\/03\/effie-wisla.jpg\" target=\"_blank\" rel=\"noreferrer noopener\"><img loading=\"lazy\" decoding=\"async\" width=\"1024\" height=\"654\" src=\"https:\/\/talsannat.com\/wp-content\/uploads\/2024\/03\/effie-wisla-1024x654.jpg\" alt=\"\" class=\"wp-image-217\" srcset=\"https:\/\/talsannat.com\/wp-content\/uploads\/2024\/03\/effie-wisla-1024x654.jpg 1024w, https:\/\/talsannat.com\/wp-content\/uploads\/2024\/03\/effie-wisla-300x192.jpg 300w, https:\/\/talsannat.com\/wp-content\/uploads\/2024\/03\/effie-wisla-768x491.jpg 768w, https:\/\/talsannat.com\/wp-content\/uploads\/2024\/03\/effie-wisla.jpg 1503w\" sizes=\"(max-width: 1024px) 100vw, 1024px\" \/><\/a><\/figure>\n\n\n\n<div style=\"height:30px\" aria-hidden=\"true\" class=\"wp-block-spacer\"><\/div>\n\n\n\n<hr class=\"wp-block-separator has-alpha-channel-opacity is-style-wide\"\/>\n\n\n\n<p>&#8211; Intercanis Brno, 25.-26.06.2022, 2 PHs presented<br>Breed judge was Mrs. Monika Kuriata-Okarmus (PL)<br>group judge Mr. Lozi\u0107 \u017deljko (SRB). Thank you both for nice judging.<br>&#8211;&nbsp;BIG5, BOB, JBOB, JCAC for our&nbsp;<a target=\"_blank\" href=\"https:\/\/pharaohhound.breedarchive.com\/animal\/view\/celt-and-dac-sinuhe-f9905cc8-cac3-458b-85d7-691a0ec5a2d1\" rel=\"noreferrer noopener\">Dandy<\/a>&nbsp;(Celt&#8216; and Dac Sinuh\u00e9). So proud of him. He matures really beautifully.<\/p>\n\n\n\n<figure class=\"wp-block-gallery has-nested-images columns-default is-cropped wp-block-gallery-2 is-layout-flex wp-block-gallery-is-layout-flex\">\n<figure class=\"wp-block-image size-large\"><a href=\"https:\/\/talsannat.com\/wp-content\/uploads\/2024\/03\/dandy-brno2.jpg\" target=\"_blank\" rel=\"noreferrer noopener\"><img loading=\"lazy\" decoding=\"async\" width=\"792\" height=\"1024\" data-id=\"218\" src=\"https:\/\/talsannat.com\/wp-content\/uploads\/2024\/03\/dandy-brno2-792x1024.jpg\" alt=\"\" class=\"wp-image-218\" srcset=\"https:\/\/talsannat.com\/wp-content\/uploads\/2024\/03\/dandy-brno2-792x1024.jpg 792w, https:\/\/talsannat.com\/wp-content\/uploads\/2024\/03\/dandy-brno2-232x300.jpg 232w, https:\/\/talsannat.com\/wp-content\/uploads\/2024\/03\/dandy-brno2-768x993.jpg 768w, https:\/\/talsannat.com\/wp-content\/uploads\/2024\/03\/dandy-brno2.jpg 900w\" sizes=\"(max-width: 792px) 100vw, 792px\" \/><\/a><\/figure>\n\n\n\n<figure class=\"wp-block-image size-large\"><a href=\"https:\/\/talsannat.com\/wp-content\/uploads\/2024\/03\/dandy-brno062022.jpg\" target=\"_blank\" rel=\"noreferrer noopener\"><img loading=\"lazy\" decoding=\"async\" width=\"1024\" height=\"690\" data-id=\"219\" src=\"https:\/\/talsannat.com\/wp-content\/uploads\/2024\/03\/dandy-brno062022-1024x690.jpg\" alt=\"\" class=\"wp-image-219\" srcset=\"https:\/\/talsannat.com\/wp-content\/uploads\/2024\/03\/dandy-brno062022-1024x690.jpg 1024w, https:\/\/talsannat.com\/wp-content\/uploads\/2024\/03\/dandy-brno062022-300x202.jpg 300w, https:\/\/talsannat.com\/wp-content\/uploads\/2024\/03\/dandy-brno062022-768x518.jpg 768w, https:\/\/talsannat.com\/wp-content\/uploads\/2024\/03\/dandy-brno062022.jpg 1335w\" sizes=\"(max-width: 1024px) 100vw, 1024px\" \/><\/a><\/figure>\n<\/figure>\n\n\n\n<p><\/p>\n\n\n\n<div style=\"height:30px\" aria-hidden=\"true\" class=\"wp-block-spacer\"><\/div>\n\n\n\n<hr class=\"wp-block-separator has-alpha-channel-opacity is-style-wide\"\/>\n\n\n\n<p>&#8211; IDS Nitra, 10.+12.06.2022 (3 + 2 PHs presented)<br>Judges: Mrs. Mikolkov\u00e1-Betinsk\u00e1 Zuzana (SK), Mr. Oliveira Rui (PT)<br>Sadly we couldn&#8217;t wait finals.<br>2x BOB, 2x CACIB, Crufts Q, 2x CAC for&nbsp;<a target=\"_blank\" href=\"https:\/\/pharaohhound.breedarchive.com\/animal\/view\/farao-anubis-aldebaran-a5d8b810-a7fe-476c-8254-94dfc7f87a8b\" rel=\"noreferrer noopener\">Lucas<\/a>&nbsp;(SBIS, Ch Farao Anubis Aldebaran). By this two shows he completed his&nbsp;International (C.I.B.) champion title, and openned SK championship. Lucas is simply amazing.<\/p>\n\n\n\n<figure class=\"wp-block-image size-full\"><a href=\"https:\/\/talsannat.com\/wp-content\/uploads\/2024\/03\/lucas-nitra2022.jpg\" target=\"_blank\" rel=\"noreferrer noopener\"><img loading=\"lazy\" decoding=\"async\" width=\"1000\" height=\"633\" src=\"https:\/\/talsannat.com\/wp-content\/uploads\/2024\/03\/lucas-nitra2022.jpg\" alt=\"\" class=\"wp-image-221\" srcset=\"https:\/\/talsannat.com\/wp-content\/uploads\/2024\/03\/lucas-nitra2022.jpg 1000w, https:\/\/talsannat.com\/wp-content\/uploads\/2024\/03\/lucas-nitra2022-300x190.jpg 300w, https:\/\/talsannat.com\/wp-content\/uploads\/2024\/03\/lucas-nitra2022-768x486.jpg 768w\" sizes=\"(max-width: 1000px) 100vw, 1000px\" \/><\/a><\/figure>\n\n\n\n<p><\/p>\n\n\n\n<div style=\"height:30px\" aria-hidden=\"true\" class=\"wp-block-spacer\"><\/div>\n\n\n\n<hr class=\"wp-block-separator has-alpha-channel-opacity is-style-wide\"\/>\n\n\n\n<p>&#8211; 2x NDS Branice (o\/Racib\u00f3rz, Poland), 09.+10.04.2022<br>Saturday: Judge was Mrs. Katarzyna Fiszdon, PL<br>&#8211;&nbsp;BOB, JBOB for&nbsp;<a target=\"_blank\" href=\"https:\/\/pharaohhound.breedarchive.com\/animal\/view\/celt-and-dac-sinuhe-f9905cc8-cac3-458b-85d7-691a0ec5a2d1\" rel=\"noreferrer noopener\">Dandy<\/a>&nbsp;(Celt&#8216; and Dac Sinuh\u00e9), who had his show premiere this day,<br>Sunday: Judge was Mrs. Aleksandra Lubaszka, PL<br>&#8211;&nbsp;NEW PL Champion,&nbsp;BOB, CWC for&nbsp;<a target=\"_blank\" href=\"https:\/\/pharaohhound.breedarchive.com\/animal\/view\/farao-anubis-lotus-2-2713ab13-42a7-47dd-86d4-0c9273a42276\" rel=\"noreferrer noopener\">Lotus<\/a>&nbsp;(Ch Farao Anubis Lotus).<br>So proud of our red-nosed kids.Thank you to judges for nice judgement, and BIG thank you Christelle, Radu and Majan for your trusting at us and our co-working. Love you !<\/p>\n\n\n\n<figure class=\"wp-block-image size-large\"><a href=\"https:\/\/talsannat.com\/wp-content\/uploads\/2024\/03\/dandy-bob.jpg\" target=\"_blank\" rel=\"noreferrer noopener\"><img loading=\"lazy\" decoding=\"async\" width=\"1024\" height=\"652\" src=\"https:\/\/talsannat.com\/wp-content\/uploads\/2024\/03\/dandy-bob-1024x652.jpg\" alt=\"\" class=\"wp-image-224\" srcset=\"https:\/\/talsannat.com\/wp-content\/uploads\/2024\/03\/dandy-bob-1024x652.jpg 1024w, https:\/\/talsannat.com\/wp-content\/uploads\/2024\/03\/dandy-bob-300x191.jpg 300w, https:\/\/talsannat.com\/wp-content\/uploads\/2024\/03\/dandy-bob-768x489.jpg 768w, https:\/\/talsannat.com\/wp-content\/uploads\/2024\/03\/dandy-bob.jpg 1335w\" sizes=\"(max-width: 1024px) 100vw, 1024px\" \/><\/a><\/figure>\n\n\n\n<p><\/p>\n\n\n\n<div style=\"height:30px\" aria-hidden=\"true\" class=\"wp-block-spacer\"><\/div>\n\n\n\n<hr class=\"wp-block-separator has-alpha-channel-opacity is-style-wide\"\/>\n\n\n\n<p>&#8211; DUO CACIB Show in Brno, 05.+06.02.2022<br>Saturday: Judge &#8211; Mrs Ewa G\u00f3rska (PL), 6 Pharaohs presented<br>Sunday: Judge &#8211; Mrs Krist\u00edna Van\u00ed\u010dkov\u00e1 (CZ), 4 Pharaohs presented<br>2x BOB, 2x CACIB, Crufts Q, 2x CAC, 2x CAC-CMKU for&nbsp;<a target=\"_blank\" href=\"https:\/\/pharaohhound.breedarchive.com\/animal\/view\/farao-anubis-aldebaran-a5d8b810-a7fe-476c-8254-94dfc7f87a8b\" rel=\"noreferrer noopener\">Lucas<\/a><br>CACIB, res.CACIB, 2x CAC, CAC-CMKU for&nbsp;<a target=\"_blank\" href=\"https:\/\/pharaohhound.breedarchive.com\/animal\/view\/farao-anubis-lotus-2-2713ab13-42a7-47dd-86d4-0c9273a42276\" rel=\"noreferrer noopener\">Lotus<\/a>. I believe that Lotus completed the conditions for her Czech Champion title. Need check it :).<br>On Sunday we waited for finals, Lucas was handled by talented Terezka \u0160ubertov\u00e1, but they took nothing, but he looked absolutely stunning.<\/p>\n\n\n\n<figure class=\"wp-block-gallery has-nested-images columns-default is-cropped wp-block-gallery-3 is-layout-flex wp-block-gallery-is-layout-flex\">\n<figure class=\"wp-block-image size-large\"><a href=\"https:\/\/talsannat.com\/wp-content\/uploads\/2024\/03\/f-IMG_20220206_162452.png\" target=\"_blank\" rel=\"noreferrer noopener\"><img loading=\"lazy\" decoding=\"async\" width=\"1024\" height=\"749\" data-id=\"230\" src=\"https:\/\/talsannat.com\/wp-content\/uploads\/2024\/03\/f-IMG_20220206_162452-1024x749.png\" alt=\"\" class=\"wp-image-230\" srcset=\"https:\/\/talsannat.com\/wp-content\/uploads\/2024\/03\/f-IMG_20220206_162452-1024x749.png 1024w, https:\/\/talsannat.com\/wp-content\/uploads\/2024\/03\/f-IMG_20220206_162452-300x220.png 300w, https:\/\/talsannat.com\/wp-content\/uploads\/2024\/03\/f-IMG_20220206_162452-768x562.png 768w, https:\/\/talsannat.com\/wp-content\/uploads\/2024\/03\/f-IMG_20220206_162452-1536x1124.png 1536w, https:\/\/talsannat.com\/wp-content\/uploads\/2024\/03\/f-IMG_20220206_162452.png 2035w\" sizes=\"(max-width: 1024px) 100vw, 1024px\" \/><\/a><\/figure>\n\n\n\n<figure class=\"wp-block-image size-large\"><a href=\"https:\/\/talsannat.com\/wp-content\/uploads\/2024\/03\/f-IMG_20220206_162451.png\" target=\"_blank\" rel=\"noreferrer noopener\"><img loading=\"lazy\" decoding=\"async\" width=\"1024\" height=\"849\" data-id=\"228\" src=\"https:\/\/talsannat.com\/wp-content\/uploads\/2024\/03\/f-IMG_20220206_162451-1024x849.png\" alt=\"\" class=\"wp-image-228\" srcset=\"https:\/\/talsannat.com\/wp-content\/uploads\/2024\/03\/f-IMG_20220206_162451-1024x849.png 1024w, https:\/\/talsannat.com\/wp-content\/uploads\/2024\/03\/f-IMG_20220206_162451-300x249.png 300w, https:\/\/talsannat.com\/wp-content\/uploads\/2024\/03\/f-IMG_20220206_162451-768x636.png 768w, https:\/\/talsannat.com\/wp-content\/uploads\/2024\/03\/f-IMG_20220206_162451-1536x1273.png 1536w, https:\/\/talsannat.com\/wp-content\/uploads\/2024\/03\/f-IMG_20220206_162451.png 1810w\" sizes=\"(max-width: 1024px) 100vw, 1024px\" \/><\/a><\/figure>\n\n\n\n<figure class=\"wp-block-image size-large\"><a href=\"https:\/\/talsannat.com\/wp-content\/uploads\/2024\/03\/f-IMG_20220206_162817.png\" target=\"_blank\" rel=\"noreferrer noopener\"><img loading=\"lazy\" decoding=\"async\" width=\"992\" height=\"1024\" data-id=\"227\" src=\"https:\/\/talsannat.com\/wp-content\/uploads\/2024\/03\/f-IMG_20220206_162817-992x1024.png\" alt=\"\" class=\"wp-image-227\" srcset=\"https:\/\/talsannat.com\/wp-content\/uploads\/2024\/03\/f-IMG_20220206_162817-992x1024.png 992w, https:\/\/talsannat.com\/wp-content\/uploads\/2024\/03\/f-IMG_20220206_162817-291x300.png 291w, https:\/\/talsannat.com\/wp-content\/uploads\/2024\/03\/f-IMG_20220206_162817-768x793.png 768w, https:\/\/talsannat.com\/wp-content\/uploads\/2024\/03\/f-IMG_20220206_162817.png 1453w\" sizes=\"(max-width: 992px) 100vw, 992px\" \/><\/a><\/figure>\n\n\n\n<figure class=\"wp-block-image size-large\"><a href=\"https:\/\/talsannat.com\/wp-content\/uploads\/2024\/03\/f-IMG_20220206_163104.png\" target=\"_blank\" rel=\"noreferrer noopener\"><img loading=\"lazy\" decoding=\"async\" width=\"891\" height=\"1024\" data-id=\"229\" src=\"https:\/\/talsannat.com\/wp-content\/uploads\/2024\/03\/f-IMG_20220206_163104-891x1024.png\" alt=\"\" class=\"wp-image-229\" srcset=\"https:\/\/talsannat.com\/wp-content\/uploads\/2024\/03\/f-IMG_20220206_163104-891x1024.png 891w, https:\/\/talsannat.com\/wp-content\/uploads\/2024\/03\/f-IMG_20220206_163104-261x300.png 261w, https:\/\/talsannat.com\/wp-content\/uploads\/2024\/03\/f-IMG_20220206_163104-768x883.png 768w, https:\/\/talsannat.com\/wp-content\/uploads\/2024\/03\/f-IMG_20220206_163104.png 1305w\" sizes=\"(max-width: 891px) 100vw, 891px\" \/><\/a><\/figure>\n<\/figure>\n\n\n\n<p><\/p>\n\n\n\n<div style=\"height:30px\" aria-hidden=\"true\" class=\"wp-block-spacer\"><\/div>\n\n\n\n<hr class=\"wp-block-separator has-alpha-channel-opacity is-style-wide\"\/>\n\n\n\n<p>&#8211; National Show in Brno, 09.01.2022,\u00a0<a href=\"https:\/\/www.faraonklub.cz\/2022\/brnenka-faraon-0809-01-2022.jpg\" target=\"_blank\" rel=\"noreferrer noopener\">5 Pharaohs presented<\/a><br>judge was Mr. Peter F. Berchtold<br>We presented Lucas (SBIS, Ch Farao Anubis Aldebaran) with his sister Lotus (SpecW, NW Farao Anubis Lotus) for our team this time. Both did great. Was wonderful to see some of our friends again.<br>BOB, National Winner, CAC, CAC-CMKU for\u00a0<a href=\"https:\/\/pharaohhound.breedarchive.com\/animal\/view\/farao-anubis-aldebaran-a5d8b810-a7fe-476c-8254-94dfc7f87a8b\" target=\"_blank\" rel=\"noreferrer noopener\">Lucas<\/a><br>BOS, National Winner, CAC, CAC-CMKU for\u00a0<a href=\"https:\/\/pharaohhound.breedarchive.com\/animal\/view\/farao-anubis-lotus-2-2713ab13-42a7-47dd-86d4-0c9273a42276\" target=\"_blank\" rel=\"noreferrer noopener\">Lotus<\/a>.<br>So proud of them. We didn&#8217;t stay for finals this time.<\/p>\n\n\n\n<hr class=\"wp-block-separator has-alpha-channel-opacity is-style-wide\"\/>\n\n\n\n<p>&#8211; World Dog Show, Brno 30.09.-03.10.2021&nbsp;\/&nbsp;<a target=\"_blank\" href=\"https:\/\/www.faraonklub.cz\/2021\/wds-faraon.jpg\" rel=\"noreferrer noopener\">27 Pharaohs presented<\/a><br>Judge was Mr. Guido Sch\u00e4fer<br>This was our 3rd ? WDS in our lifes so far :D, I think each 10th year we were lucky enough and were able enter this prestigious show. What a honour for us take some great titles there again.<br>res.CACIB&nbsp;with CAC for&nbsp;<a target=\"_blank\" href=\"https:\/\/pharaohhound.breedarchive.com\/animal\/view\/farao-anubis-aldebaran-a5d8b810-a7fe-476c-8254-94dfc7f87a8b\" rel=\"noreferrer noopener\">Lucas<\/a>&nbsp;(SBIS, Ch Farao Anubis Aldebaran)<br>World Promise 2021&nbsp;for &#8222;our&#8220; baby girl&nbsp;<a target=\"_blank\" href=\"https:\/\/pharaohhound.breedarchive.com\/animal\/view\/effie-tal-sannat-whispering-sand-a982ad6b-5d54-4eb6-bf4d-e74dad5ff8e0\" rel=\"noreferrer noopener\">Effie<\/a>&nbsp;(Effie Tal Sannat Whispering Sand)<\/p>\n\n\n\n<figure class=\"wp-block-image size-large\"><a href=\"https:\/\/talsannat.com\/wp-content\/uploads\/2024\/03\/lucas-wds21.jpg\" target=\"_blank\" rel=\"noreferrer noopener\"><img loading=\"lazy\" decoding=\"async\" width=\"1024\" height=\"653\" src=\"https:\/\/talsannat.com\/wp-content\/uploads\/2024\/03\/lucas-wds21-1024x653.jpg\" alt=\"\" class=\"wp-image-232\" srcset=\"https:\/\/talsannat.com\/wp-content\/uploads\/2024\/03\/lucas-wds21-1024x653.jpg 1024w, https:\/\/talsannat.com\/wp-content\/uploads\/2024\/03\/lucas-wds21-300x191.jpg 300w, https:\/\/talsannat.com\/wp-content\/uploads\/2024\/03\/lucas-wds21-768x490.jpg 768w, https:\/\/talsannat.com\/wp-content\/uploads\/2024\/03\/lucas-wds21-1536x980.jpg 1536w, https:\/\/talsannat.com\/wp-content\/uploads\/2024\/03\/lucas-wds21.jpg 2045w\" sizes=\"(max-width: 1024px) 100vw, 1024px\" \/><\/a><\/figure>\n\n\n\n<p><\/p>\n\n\n\n<div style=\"height:30px\" aria-hidden=\"true\" class=\"wp-block-spacer\"><\/div>\n\n\n\n<hr class=\"wp-block-separator has-alpha-channel-opacity is-style-wide\"\/>\n\n\n\n<p>&#8211; Floracanis, Olomouc, 05.09.2021&nbsp;\/&nbsp;<a target=\"_blank\" href=\"https:\/\/www.faraonklub.cz\/2021\/floracanis-faraoni.jpg\" rel=\"noreferrer noopener\">4 Pharaohs presented<\/a>, all &#8222;ours&#8220; \ud83d\ude00<br>Judge was Mr. Piskay Vladim\u00edr<br>BOG2, BOB, National Winner, CAC, for&nbsp;<a target=\"_blank\" href=\"https:\/\/pharaohhound.breedarchive.com\/animal\/view\/farao-anubis-aldebaran-a5d8b810-a7fe-476c-8254-94dfc7f87a8b\" rel=\"noreferrer noopener\">Lucas<\/a>&nbsp;(SBIS, Ch FA Aldebaran)<br>BOS, National Winner, CAC for&nbsp;<a target=\"_blank\" href=\"https:\/\/pharaohhound.breedarchive.com\/animal\/view\/farao-anubis-luna-1d341012-d564-4a99-a09e-0e47f47b1fed\" rel=\"noreferrer noopener\">Polly<\/a>&nbsp;(Ch Farao Anubis Luna)<br>Excellent 1st for&nbsp;<a target=\"_blank\" href=\"https:\/\/pharaohhound.breedarchive.com\/animal\/view\/farao-anubis-lotus-2-2713ab13-42a7-47dd-86d4-0c9273a42276\" rel=\"noreferrer noopener\">Lotus<\/a>&nbsp;(SW, NW Farao Anubis Lotus) and<br>Promissing for baby&nbsp;<a target=\"_blank\" href=\"https:\/\/pharaohhound.breedarchive.com\/animal\/view\/effie-tal-sannat-whispering-sand-a982ad6b-5d54-4eb6-bf4d-e74dad5ff8e0\" rel=\"noreferrer noopener\">Effie<\/a>&nbsp;(Effie Tal Sannat Whispering Sand)<\/p>\n\n\n\n<p><\/p>\n\n\n\n<p><\/p>\n","protected":false},"excerpt":{"rendered":"<p>&#8211; Regional show Str\u00e1nsk\u00e9 u R\u00fdma\u0159ova, 9.7.2022breed and BIS pair judge: Mrs. Lenka Frn\u010dov\u00e1 (CZ)BIS judge: Mr&nbsp; Tibor Havelka. Big thank you to both judges !&#8211;&nbsp;BIS BOO, KV for&nbsp;Lucas&nbsp;(SBIS, C.I.B., &#8230;<\/p>\n","protected":false},"author":1,"featured_media":0,"parent":0,"menu_order":0,"comment_status":"closed","ping_status":"closed","template":"","meta":{"footnotes":""},"_links":{"self":[{"href":"https:\/\/talsannat.com\/index.php\/wp-json\/wp\/v2\/pages\/207"}],"collection":[{"href":"https:\/\/talsannat.com\/index.php\/wp-json\/wp\/v2\/pages"}],"about":[{"href":"https:\/\/talsannat.com\/index.php\/wp-json\/wp\/v2\/types\/page"}],"author":[{"embeddable":true,"href":"https:\/\/talsannat.com\/index.php\/wp-json\/wp\/v2\/users\/1"}],"replies":[{"embeddable":true,"href":"https:\/\/talsannat.com\/index.php\/wp-json\/wp\/v2\/comments?post=207"}],"version-history":[{"count":8,"href":"https:\/\/talsannat.com\/index.php\/wp-json\/wp\/v2\/pages\/207\/revisions"}],"predecessor-version":[{"id":237,"href":"https:\/\/talsannat.com\/index.php\/wp-json\/wp\/v2\/pages\/207\/revisions\/237"}],"wp:attachment":[{"href":"https:\/\/talsannat.com\/index.php\/wp-json\/wp\/v2\/media?parent=207"}],"curies":[{"name":"wp","href":"https:\/\/api.w.org\/{rel}","templated":true}]}}