{"id":1083,"date":"2024-09-28T10:47:54","date_gmt":"2024-09-28T08:47:54","guid":{"rendered":"https:\/\/talsannat.com\/?page_id=1083"},"modified":"2024-09-28T12:02:55","modified_gmt":"2024-09-28T10:02:55","slug":"effie-show","status":"publish","type":"page","link":"https:\/\/talsannat.com\/index.php\/effie-show\/","title":{"rendered":"EFFIE TAL SANNAT Whispering Sand \/ Show Results"},"content":{"rendered":"\n<p><strong>BISS, CZ Club Winner \u201924, CZ NatW 2022, FCI World Promise 2021<\/strong><br><strong>Czech Champion, Polish Champion, Champion CMKU, Club Champion<\/strong><\/p>\n\n\n\n<p class=\"has-medium-font-size\"><strong>EFFIE TAL SANNAT Whispering Sand<\/strong> \/ Show Results<\/p>\n\n\n\n<div style=\"height:30px\" aria-hidden=\"true\" class=\"wp-block-spacer\"><\/div>\n\n\n\n<figure class=\"wp-block-table is-style-stripes\"><table><thead><tr><th class=\"has-text-align-left\" data-align=\"left\">DATE<\/th><th class=\"has-text-align-left\" data-align=\"left\">SHOW<\/th><th class=\"has-text-align-center\" data-align=\"center\"><\/th><th class=\"has-text-align-center\" data-align=\"center\">JUDGE<\/th><th class=\"has-text-align-center\" data-align=\"center\">class<\/th><th class=\"has-text-align-right\" data-align=\"right\">RESULT<\/th><\/tr><\/thead><tbody><tr><td class=\"has-text-align-left\" data-align=\"left\">25.08.2024<\/td><td class=\"has-text-align-left\" data-align=\"left\"><a href=\"https:\/\/faraonklub.cz\/wp-content\/uploads\/2024\/09\/image-8.png\" target=\"_blank\" rel=\"noreferrer noopener\">Club KFP, Rybn\u00ed\u010dek<\/a><\/td><td class=\"has-text-align-center\" data-align=\"center\">CZ<\/td><td class=\"has-text-align-center\" data-align=\"center\">Dr. Gabriela Ridar\u010d\u00edkov\u00e1 (SK)<\/td><td class=\"has-text-align-center\" data-align=\"center\">winner<\/td><td class=\"has-text-align-right\" data-align=\"right\">CAC, <strong>Club Winner<\/strong>, <strong>BOB<\/strong><br><strong>BEST IN SHOW<\/strong><\/td><\/tr><tr><td class=\"has-text-align-left\" data-align=\"left\">24.08.2024<\/td><td class=\"has-text-align-left\" data-align=\"left\"><a href=\"https:\/\/faraonklub.cz\/wp-content\/uploads\/2024\/09\/faraon-sv-24-1.jpg\" target=\"_blank\" rel=\"noreferrer noopener\">Special KFP, Rybn\u00ed\u010dek<\/a><\/td><td class=\"has-text-align-center\" data-align=\"center\">CZ<\/td><td class=\"has-text-align-center\" data-align=\"center\">Petr \u0158eh\u00e1nek (CZ)<\/td><td class=\"has-text-align-center\" data-align=\"center\">winner<\/td><td class=\"has-text-align-right\" data-align=\"right\">res.CAC<br><strong>BEST IN SHOW PAIR<\/strong> with Lucas<\/td><\/tr><tr><td class=\"has-text-align-left\" data-align=\"left\">2024<\/td><td class=\"has-text-align-left\" data-align=\"left\">KFP<\/td><td class=\"has-text-align-center\" data-align=\"center\">CZ<\/td><td class=\"has-text-align-center\" data-align=\"center\"><\/td><td class=\"has-text-align-center\" data-align=\"center\"><\/td><td class=\"has-text-align-right\" data-align=\"right\"><strong>Club Champion<\/strong><br>PH females \/\u00a0<strong>Club Show Cup Winner 2023<\/strong>\u00a02nd<\/td><\/tr><tr><td class=\"has-text-align-left\" data-align=\"left\">18.02.2024<\/td><td class=\"has-text-align-left\" data-align=\"left\">IDS Nitra<\/td><td class=\"has-text-align-center\" data-align=\"center\">SK<\/td><td class=\"has-text-align-center\" data-align=\"center\">Carmen Navarro Guisado (ES)<\/td><td class=\"has-text-align-center\" data-align=\"center\">champion<\/td><td class=\"has-text-align-right\" data-align=\"right\">CAC, res.CACIB<\/td><\/tr><tr><td class=\"has-text-align-left\" data-align=\"left\">27.01.2024<\/td><td class=\"has-text-align-left\" data-align=\"left\">IDS Brno<\/td><td class=\"has-text-align-center\" data-align=\"center\">CZ<\/td><td class=\"has-text-align-center\" data-align=\"center\">Ewa Gorska (PL<\/td><td class=\"has-text-align-center\" data-align=\"center\">open<\/td><td class=\"has-text-align-right\" data-align=\"right\">CAC, CAC-CMKU, CACIB, <strong>CruftsQ<\/strong>, <strong>BOS<\/strong><br><strong>Champion CMKU<\/strong><\/td><\/tr><tr><td class=\"has-text-align-left\" data-align=\"left\">10.11.2023<\/td><td class=\"has-text-align-left\" data-align=\"left\">IDS Floracanis<\/td><td class=\"has-text-align-center\" data-align=\"center\">CZ<\/td><td class=\"has-text-align-center\" data-align=\"center\">Lozi\u010d \u017deljko<\/td><td class=\"has-text-align-center\" data-align=\"center\">open<\/td><td class=\"has-text-align-right\" data-align=\"right\">CAC, CAC-CMKU, CACIB, <strong>BOS<\/strong><\/td><\/tr><tr><td class=\"has-text-align-left\" data-align=\"left\">30.07.2023<\/td><td class=\"has-text-align-left\" data-align=\"left\">IDS Moszna<\/td><td class=\"has-text-align-center\" data-align=\"center\">PL<\/td><td class=\"has-text-align-center\" data-align=\"center\">Jan Ryk (PL)<\/td><td class=\"has-text-align-center\" data-align=\"center\">open<\/td><td class=\"has-text-align-right\" data-align=\"right\">CWC, BB, CACIB, <strong>BOS<\/strong><\/td><\/tr><tr><td class=\"has-text-align-left\" data-align=\"left\">23.07.2023<\/td><td class=\"has-text-align-left\" data-align=\"left\">IDS Czestochowa<\/td><td class=\"has-text-align-center\" data-align=\"center\">PL<\/td><td class=\"has-text-align-center\" data-align=\"center\">Ryszard Waclawik (PL)<\/td><td class=\"has-text-align-center\" data-align=\"center\">open<\/td><td class=\"has-text-align-right\" data-align=\"right\">CWC, BB, CACIB, <strong>BOB<\/strong><br><strong>Polish Champion<\/strong><\/td><\/tr><tr><td class=\"has-text-align-left\" data-align=\"left\">25.06.2023<\/td><td class=\"has-text-align-left\" data-align=\"left\">IDS Brno<\/td><td class=\"has-text-align-center\" data-align=\"center\">CZ<\/td><td class=\"has-text-align-center\" data-align=\"center\"><\/td><td class=\"has-text-align-center\" data-align=\"center\">open<\/td><td class=\"has-text-align-right\" data-align=\"right\">CAC, CAC-CMKU, CACIB, <strong>BOS<\/strong><br><strong>Czech Champoion<\/strong><\/td><\/tr><tr><td class=\"has-text-align-left\" data-align=\"left\">11.06.2023<\/td><td class=\"has-text-align-left\" data-align=\"left\">Club, KFP<\/td><td class=\"has-text-align-center\" data-align=\"center\">CZ<\/td><td class=\"has-text-align-center\" data-align=\"center\">Mgr. Bo\u017eena Ovesn\u00e1 (CZ)<\/td><td class=\"has-text-align-center\" data-align=\"center\">winner<\/td><td class=\"has-text-align-right\" data-align=\"right\">res.CAC<\/td><\/tr><tr><td class=\"has-text-align-left\" data-align=\"left\">10.06.2023<\/td><td class=\"has-text-align-left\" data-align=\"left\">Special, KFP<\/td><td class=\"has-text-align-center\" data-align=\"center\">CZ<\/td><td class=\"has-text-align-center\" data-align=\"center\">Bertrand Piau (FR)<\/td><td class=\"has-text-align-center\" data-align=\"center\">winner<\/td><td class=\"has-text-align-right\" data-align=\"right\">res.CAC<\/td><\/tr><tr><td class=\"has-text-align-left\" data-align=\"left\">21.05.2023<\/td><td class=\"has-text-align-left\" data-align=\"left\">NDS Gniazdow<\/td><td class=\"has-text-align-center\" data-align=\"center\">PL<\/td><td class=\"has-text-align-center\" data-align=\"center\">Iwona Krzyszowska (PL)<\/td><td class=\"has-text-align-center\" data-align=\"center\">intermedia<\/td><td class=\"has-text-align-right\" data-align=\"right\">CWC, BB, <strong>BOB<\/strong><\/td><\/tr><tr><td class=\"has-text-align-left\" data-align=\"left\">04.09.2022<\/td><td class=\"has-text-align-left\" data-align=\"left\">NDS Floracanis<\/td><td class=\"has-text-align-center\" data-align=\"center\">CZ<\/td><td class=\"has-text-align-center\" data-align=\"center\">Tibor Havelka (SK)<\/td><td class=\"has-text-align-center\" data-align=\"center\">intermedia<\/td><td class=\"has-text-align-right\" data-align=\"right\">CAC, CAC-CMKU, <strong>National Winner<\/strong>, <strong>BOS<\/strong><\/td><\/tr><tr><td class=\"has-text-align-left\" data-align=\"left\">28.08.2022<\/td><td class=\"has-text-align-left\" data-align=\"left\">Special KFP<\/td><td class=\"has-text-align-center\" data-align=\"center\">CZ<\/td><td class=\"has-text-align-center\" data-align=\"center\">Jarmo Vuorinen (Fin)<\/td><td class=\"has-text-align-center\" data-align=\"center\">intermedia<\/td><td class=\"has-text-align-right\" data-align=\"right\">CAC<\/td><\/tr><tr><td class=\"has-text-align-left\" data-align=\"left\">27.08.2022<\/td><td class=\"has-text-align-left\" data-align=\"left\">Club KFP<\/td><td class=\"has-text-align-center\" data-align=\"center\">CZ<\/td><td class=\"has-text-align-center\" data-align=\"center\">Dr. Mikl\u00f3s Levente (HU)<\/td><td class=\"has-text-align-center\" data-align=\"center\">intermedia<\/td><td class=\"has-text-align-right\" data-align=\"right\">CAC<\/td><\/tr><tr><td class=\"has-text-align-left\" data-align=\"left\">09.07.2022<\/td><td class=\"has-text-align-left\" data-align=\"left\">Regional Str\u00e1nsk\u00e9 u R\u00fdma\u0159ova<\/td><td class=\"has-text-align-center\" data-align=\"center\">CZ<\/td><td class=\"has-text-align-center\" data-align=\"center\">Lenka Frn\u010dkov\u00e1 (CZ), T.Havelka (SK)<\/td><td class=\"has-text-align-center\" data-align=\"center\">intermedia<\/td><td class=\"has-text-align-right\" data-align=\"right\">Regional Winner<br><strong>BEST IN SHOW PAIR<\/strong> with Lucas<\/td><\/tr><tr><td class=\"has-text-align-left\" data-align=\"left\">1.-3.07.2022<\/td><td class=\"has-text-align-left\" data-align=\"left\">IDS Wisla<\/td><td class=\"has-text-align-center\" data-align=\"center\">PL<\/td><td class=\"has-text-align-center\" data-align=\"center\">Gisela Anna Makarewicz<\/td><td class=\"has-text-align-center\" data-align=\"center\">intermedia<\/td><td class=\"has-text-align-right\" data-align=\"right\">CWC, BB, CACIB, <strong>BOB<\/strong><\/td><\/tr><tr><td class=\"has-text-align-left\" data-align=\"left\">03.10.2021<\/td><td class=\"has-text-align-left\" data-align=\"left\"><strong>WDS, Brno<\/strong><\/td><td class=\"has-text-align-center\" data-align=\"center\">CZ<\/td><td class=\"has-text-align-center\" data-align=\"center\">Guido Sch\u00e4fer (DE)<\/td><td class=\"has-text-align-center\" data-align=\"center\">puppy<\/td><td class=\"has-text-align-right\" data-align=\"right\">FCI World Promise 2021<\/td><\/tr><\/tbody><\/table><\/figure>\n","protected":false},"excerpt":{"rendered":"<p>BISS, CZ Club Winner \u201924, CZ NatW 2022, FCI World Promise 2021Czech Champion, Polish Champion, Champion CMKU, Club Champion EFFIE TAL SANNAT Whispering Sand \/ Show Results DATE SHOW JUDGE &#8230;<\/p>\n","protected":false},"author":1,"featured_media":0,"parent":0,"menu_order":0,"comment_status":"closed","ping_status":"closed","template":"template-fullwidth.php","meta":{"footnotes":""},"_links":{"self":[{"href":"https:\/\/talsannat.com\/index.php\/wp-json\/wp\/v2\/pages\/1083"}],"collection":[{"href":"https:\/\/talsannat.com\/index.php\/wp-json\/wp\/v2\/pages"}],"about":[{"href":"https:\/\/talsannat.com\/index.php\/wp-json\/wp\/v2\/types\/page"}],"author":[{"embeddable":true,"href":"https:\/\/talsannat.com\/index.php\/wp-json\/wp\/v2\/users\/1"}],"replies":[{"embeddable":true,"href":"https:\/\/talsannat.com\/index.php\/wp-json\/wp\/v2\/comments?post=1083"}],"version-history":[{"count":12,"href":"https:\/\/talsannat.com\/index.php\/wp-json\/wp\/v2\/pages\/1083\/revisions"}],"predecessor-version":[{"id":1101,"href":"https:\/\/talsannat.com\/index.php\/wp-json\/wp\/v2\/pages\/1083\/revisions\/1101"}],"wp:attachment":[{"href":"https:\/\/talsannat.com\/index.php\/wp-json\/wp\/v2\/media?parent=1083"}],"curies":[{"name":"wp","href":"https:\/\/api.w.org\/{rel}","templated":true}]}}